{"id":1623,"date":"2019-10-18T17:25:44","date_gmt":"2019-10-18T17:25:44","guid":{"rendered":"http:\/\/fabco.dk\/?page_id=1623"},"modified":"2021-11-02T21:08:45","modified_gmt":"2021-11-02T21:08:45","slug":"cooking-oil","status":"publish","type":"page","link":"https:\/\/fabco.dk\/pt\/what-we-offer\/food-products\/cooking-oil\/","title":{"rendered":"Palm oil"},"content":{"rendered":"<div data-elementor-type=\"wp-page\" data-elementor-id=\"1623\" class=\"elementor elementor-1623\" data-elementor-post-type=\"page\">\n\t\t\t\t\t\t<section class=\"elementor-section elementor-top-section elementor-element elementor-element-7e082f66 elementor-section-stretched elementor-section-boxed elementor-section-height-default elementor-section-height-default\" data-id=\"7e082f66\" data-element_type=\"section\" data-e-type=\"section\" data-settings=\"{&quot;background_background&quot;:&quot;classic&quot;,&quot;stretch_section&quot;:&quot;section-stretched&quot;}\">\n\t\t\t\t\t\t<div class=\"elementor-container elementor-column-gap-default\">\n\t\t\t\t\t<div class=\"elementor-column elementor-col-100 elementor-top-column elementor-element elementor-element-4d86f2d4\" data-id=\"4d86f2d4\" data-element_type=\"column\" data-e-type=\"column\" data-settings=\"{&quot;background_background&quot;:&quot;classic&quot;}\">\n\t\t\t<div class=\"elementor-widget-wrap elementor-element-populated\">\n\t\t\t\t\t\t<div class=\"elementor-element elementor-element-66c95749 elementor-widget elementor-widget-spacer\" data-id=\"66c95749\" data-element_type=\"widget\" data-e-type=\"widget\" data-widget_type=\"spacer.default\">\n\t\t\t\t<div class=\"elementor-widget-container\">\n\t\t\t\t\t\t\t<div class=\"elementor-spacer\">\n\t\t\t<div class=\"elementor-spacer-inner\"><\/div>\n\t\t<\/div>\n\t\t\t\t\t\t<\/div>\n\t\t\t\t<\/div>\n\t\t\t\t\t<\/div>\n\t\t<\/div>\n\t\t\t\t\t<\/div>\n\t\t<\/section>\n\t\t\t\t<section class=\"elementor-section elementor-top-section elementor-element elementor-element-62921e76 elementor-section-boxed elementor-section-height-default elementor-section-height-default\" data-id=\"62921e76\" data-element_type=\"section\" data-e-type=\"section\">\n\t\t\t\t\t\t<div class=\"elementor-container elementor-column-gap-default\">\n\t\t\t\t\t<div class=\"elementor-column elementor-col-100 elementor-top-column elementor-element elementor-element-35dcabf6\" data-id=\"35dcabf6\" data-element_type=\"column\" data-e-type=\"column\">\n\t\t\t<div class=\"elementor-widget-wrap elementor-element-populated\">\n\t\t\t\t\t\t<div class=\"elementor-element elementor-element-455a80f9 elementor-widget elementor-widget-breadcrumbs\" data-id=\"455a80f9\" data-element_type=\"widget\" data-e-type=\"widget\" data-widget_type=\"breadcrumbs.default\">\n\t\t\t\t<div class=\"elementor-widget-container\">\n\t\t\t\t\t<p id=\"breadcrumbs\"><span><span><a href=\"https:\/\/fabco.dk\/pt\/\">Home<\/a><\/span><\/span><\/p>\t\t\t\t<\/div>\n\t\t\t\t<\/div>\n\t\t\t\t\t<\/div>\n\t\t<\/div>\n\t\t\t\t\t<\/div>\n\t\t<\/section>\n\t\t\t\t<section class=\"elementor-section elementor-top-section elementor-element elementor-element-1ffee1d0 elementor-section-boxed elementor-section-height-default elementor-section-height-default\" data-id=\"1ffee1d0\" data-element_type=\"section\" data-e-type=\"section\">\n\t\t\t\t\t\t<div class=\"elementor-container elementor-column-gap-default\">\n\t\t\t\t\t<div class=\"elementor-column elementor-col-100 elementor-top-column elementor-element elementor-element-614aa4f\" data-id=\"614aa4f\" data-element_type=\"column\" data-e-type=\"column\">\n\t\t\t<div class=\"elementor-widget-wrap elementor-element-populated\">\n\t\t\t\t\t\t<div class=\"elementor-element elementor-element-6023a239 elementor-widget elementor-widget-spacer\" data-id=\"6023a239\" data-element_type=\"widget\" data-e-type=\"widget\" data-widget_type=\"spacer.default\">\n\t\t\t\t<div class=\"elementor-widget-container\">\n\t\t\t\t\t\t\t<div class=\"elementor-spacer\">\n\t\t\t<div class=\"elementor-spacer-inner\"><\/div>\n\t\t<\/div>\n\t\t\t\t\t\t<\/div>\n\t\t\t\t<\/div>\n\t\t\t\t\t<\/div>\n\t\t<\/div>\n\t\t\t\t\t<\/div>\n\t\t<\/section>\n\t\t\t\t<section class=\"elementor-section elementor-top-section elementor-element elementor-element-2c83c1a8 elementor-section-boxed elementor-section-height-default elementor-section-height-default\" data-id=\"2c83c1a8\" data-element_type=\"section\" data-e-type=\"section\">\n\t\t\t\t\t\t<div class=\"elementor-container elementor-column-gap-default\">\n\t\t\t\t\t<div class=\"elementor-column elementor-col-100 elementor-top-column elementor-element elementor-element-352cb55a\" data-id=\"352cb55a\" data-element_type=\"column\" data-e-type=\"column\">\n\t\t\t<div class=\"elementor-widget-wrap elementor-element-populated\">\n\t\t\t\t\t\t<div class=\"elementor-element elementor-element-720d4e23 elementor-widget elementor-widget-heading\" data-id=\"720d4e23\" data-element_type=\"widget\" data-e-type=\"widget\" data-widget_type=\"heading.default\">\n\t\t\t\t<div class=\"elementor-widget-container\">\n\t\t\t\t\t<h2 class=\"elementor-heading-title elementor-size-default\">Palm oil<\/h2>\t\t\t\t<\/div>\n\t\t\t\t<\/div>\n\t\t\t\t\t<\/div>\n\t\t<\/div>\n\t\t\t\t\t<\/div>\n\t\t<\/section>\n\t\t\t\t<section class=\"elementor-section elementor-top-section elementor-element elementor-element-79f2588b elementor-section-boxed elementor-section-height-default elementor-section-height-default\" data-id=\"79f2588b\" data-element_type=\"section\" data-e-type=\"section\">\n\t\t\t\t\t\t<div class=\"elementor-container elementor-column-gap-wider\">\n\t\t\t\t\t<div class=\"elementor-column elementor-col-50 elementor-top-column elementor-element elementor-element-350bd204\" data-id=\"350bd204\" data-element_type=\"column\" data-e-type=\"column\">\n\t\t\t<div class=\"elementor-widget-wrap elementor-element-populated\">\n\t\t\t\t\t\t<div class=\"elementor-element elementor-element-33b39fc7 elementor-widget elementor-widget-text-editor\" data-id=\"33b39fc7\" data-element_type=\"widget\" data-e-type=\"widget\" data-widget_type=\"text-editor.default\">\n\t\t\t\t<div class=\"elementor-widget-container\">\n\t\t\t\t\t\t\t\t\t<p>O nosso \u00f3leo alimentar tem v\u00e1rios tamanhos que variam entre 250 ml e 25 litros. Tamb\u00e9m podemos enviar em Flexi Bags.<\/p>\t\t\t\t\t\t\t\t<\/div>\n\t\t\t\t<\/div>\n\t\t\t\t\t<\/div>\n\t\t<\/div>\n\t\t\t\t<div class=\"elementor-column elementor-col-50 elementor-top-column elementor-element elementor-element-4aea4c3a\" data-id=\"4aea4c3a\" data-element_type=\"column\" data-e-type=\"column\">\n\t\t\t<div class=\"elementor-widget-wrap elementor-element-populated\">\n\t\t\t\t\t\t<div class=\"elementor-element elementor-element-12f9e8f2 elementor-widget elementor-widget-text-editor\" data-id=\"12f9e8f2\" data-element_type=\"widget\" data-e-type=\"widget\" data-widget_type=\"text-editor.default\">\n\t\t\t\t<div class=\"elementor-widget-container\">\n\t\t\t\t\t\t\t\t\t<p class=\"translation-block\">Entre em <a href=\"http:\/\/fabco.dk\/pt\/contact-us\/\" target=\"_self\"><span style=\"color: #00adee\">contato<\/span><\/a> connosco para mais informa\u00e7\u00f5es.<\/p>\t\t\t\t\t\t\t\t<\/div>\n\t\t\t\t<\/div>\n\t\t\t\t\t<\/div>\n\t\t<\/div>\n\t\t\t\t\t<\/div>\n\t\t<\/section>\n\t\t\t\t<section class=\"elementor-section elementor-top-section elementor-element elementor-element-44716e6a elementor-section-boxed elementor-section-height-default elementor-section-height-default\" data-id=\"44716e6a\" data-element_type=\"section\" data-e-type=\"section\">\n\t\t\t\t\t\t<div class=\"elementor-container elementor-column-gap-default\">\n\t\t\t\t\t<div class=\"elementor-column elementor-col-100 elementor-top-column elementor-element elementor-element-4993fa36\" data-id=\"4993fa36\" data-element_type=\"column\" data-e-type=\"column\">\n\t\t\t<div class=\"elementor-widget-wrap elementor-element-populated\">\n\t\t\t\t\t\t<div class=\"elementor-element elementor-element-12a7efdb elementor-widget-divider--view-line elementor-widget elementor-widget-divider\" data-id=\"12a7efdb\" data-element_type=\"widget\" data-e-type=\"widget\" data-widget_type=\"divider.default\">\n\t\t\t\t<div class=\"elementor-widget-container\">\n\t\t\t\t\t\t\t<div class=\"elementor-divider\">\n\t\t\t<span class=\"elementor-divider-separator\">\n\t\t\t\t\t\t<\/span>\n\t\t<\/div>\n\t\t\t\t\t\t<\/div>\n\t\t\t\t<\/div>\n\t\t\t\t\t<\/div>\n\t\t<\/div>\n\t\t\t\t\t<\/div>\n\t\t<\/section>\n\t\t\t\t<section class=\"elementor-section elementor-top-section elementor-element elementor-element-3ae07dea elementor-section-boxed elementor-section-height-default elementor-section-height-default\" data-id=\"3ae07dea\" data-element_type=\"section\" data-e-type=\"section\">\n\t\t\t\t\t\t<div class=\"elementor-container elementor-column-gap-default\">\n\t\t\t\t\t<div class=\"elementor-column elementor-col-100 elementor-top-column elementor-element elementor-element-7a7bf799\" data-id=\"7a7bf799\" data-element_type=\"column\" data-e-type=\"column\">\n\t\t\t<div class=\"elementor-widget-wrap elementor-element-populated\">\n\t\t\t\t\t\t<div class=\"elementor-element elementor-element-7e1dc4d6 elementor-widget elementor-widget-spacer\" data-id=\"7e1dc4d6\" data-element_type=\"widget\" data-e-type=\"widget\" data-widget_type=\"spacer.default\">\n\t\t\t\t<div class=\"elementor-widget-container\">\n\t\t\t\t\t\t\t<div class=\"elementor-spacer\">\n\t\t\t<div class=\"elementor-spacer-inner\"><\/div>\n\t\t<\/div>\n\t\t\t\t\t\t<\/div>\n\t\t\t\t<\/div>\n\t\t\t\t\t<\/div>\n\t\t<\/div>\n\t\t\t\t\t<\/div>\n\t\t<\/section>\n\t\t\t\t<section class=\"elementor-section elementor-top-section elementor-element elementor-element-4b728183 elementor-section-full_width elementor-section-height-default elementor-section-height-default\" data-id=\"4b728183\" data-element_type=\"section\" data-e-type=\"section\">\n\t\t\t\t\t\t<div class=\"elementor-container elementor-column-gap-default\">\n\t\t\t\t\t<div class=\"elementor-column elementor-col-100 elementor-top-column elementor-element elementor-element-324555b0\" data-id=\"324555b0\" data-element_type=\"column\" data-e-type=\"column\">\n\t\t\t<div class=\"elementor-widget-wrap elementor-element-populated\">\n\t\t\t\t\t\t<div class=\"elementor-element elementor-element-563cda80 elementor-widget elementor-widget-gallery\" data-id=\"563cda80\" data-element_type=\"widget\" data-e-type=\"widget\" data-settings=\"{&quot;columns&quot;:3,&quot;overlay_title&quot;:&quot;caption&quot;,&quot;gallery_layout&quot;:&quot;masonry&quot;,&quot;lazyload&quot;:&quot;yes&quot;,&quot;columns_tablet&quot;:2,&quot;columns_mobile&quot;:1,&quot;gap&quot;:{&quot;unit&quot;:&quot;px&quot;,&quot;size&quot;:10,&quot;sizes&quot;:[]},&quot;gap_tablet&quot;:{&quot;unit&quot;:&quot;px&quot;,&quot;size&quot;:10,&quot;sizes&quot;:[]},&quot;gap_mobile&quot;:{&quot;unit&quot;:&quot;px&quot;,&quot;size&quot;:10,&quot;sizes&quot;:[]},&quot;link_to&quot;:&quot;file&quot;,&quot;overlay_background&quot;:&quot;yes&quot;,&quot;content_hover_animation&quot;:&quot;fade-in&quot;}\" data-widget_type=\"gallery.default\">\n\t\t\t\t<div class=\"elementor-widget-container\">\n\t\t\t\t\t\t\t<div class=\"elementor-gallery__container\">\n\t\t\t\t\t\t\t<a class=\"e-gallery-item elementor-gallery-item elementor-animated-content\" href=\"https:\/\/fabco.dk\/wp-content\/uploads\/2019\/10\/cooking-oil.jpg\" data-elementor-open-lightbox=\"yes\" data-elementor-lightbox-slideshow=\"563cda80\" data-elementor-lightbox-title=\"TAP-TAP cooking oil\" data-e-action-hash=\"#elementor-action%3Aaction%3Dlightbox%26settings%3DeyJpZCI6MTY3MywidXJsIjoiaHR0cHM6XC9cL2ZhYmNvLmRrXC93cC1jb250ZW50XC91cGxvYWRzXC8yMDE5XC8xMFwvY29va2luZy1vaWwuanBnIiwic2xpZGVzaG93IjoiNTYzY2RhODAifQ%3D%3D\">\n\t\t\t\t\t<div class=\"e-gallery-image elementor-gallery-item__image\" data-thumbnail=\"https:\/\/fabco.dk\/wp-content\/uploads\/2019\/10\/cooking-oil-768x700.jpg\" data-width=\"768\" data-height=\"700\" aria-label=\"\" role=\"img\" ><\/div>\n\t\t\t\t\t\t\t\t\t\t\t<div class=\"elementor-gallery-item__overlay\"><\/div>\n\t\t\t\t\t\t\t\t\t\t\t\t\t\t\t<div class=\"elementor-gallery-item__content\">\n\t\t\t\t\t\t\t\t\t\t\t\t\t\t<div class=\"elementor-gallery-item__title\">\n\t\t\t\t\t\t\t\t\t\t\t\t\t\t\t\t\t\t\u00d3leo alimentar\t\t\t\t\t\t\t\t<\/div>\n\t\t\t\t\t\t\t\t\t\t\t\t<\/div>\n\t\t\t\t\t\t\t\t\t<\/a>\n\t\t\t\t\t<\/div>\n\t\t\t\t\t<\/div>\n\t\t\t\t<\/div>\n\t\t\t\t\t<\/div>\n\t\t<\/div>\n\t\t\t\t\t<\/div>\n\t\t<\/section>\n\t\t\t\t<section class=\"elementor-section elementor-top-section elementor-element elementor-element-270183ef elementor-section-boxed elementor-section-height-default elementor-section-height-default\" data-id=\"270183ef\" data-element_type=\"section\" data-e-type=\"section\">\n\t\t\t\t\t\t<div class=\"elementor-container elementor-column-gap-default\">\n\t\t\t\t\t<div class=\"elementor-column elementor-col-100 elementor-top-column elementor-element elementor-element-6cdec82\" data-id=\"6cdec82\" data-element_type=\"column\" data-e-type=\"column\">\n\t\t\t<div class=\"elementor-widget-wrap elementor-element-populated\">\n\t\t\t\t\t\t<div class=\"elementor-element elementor-element-56a7de1b elementor-widget elementor-widget-spacer\" data-id=\"56a7de1b\" data-element_type=\"widget\" data-e-type=\"widget\" data-widget_type=\"spacer.default\">\n\t\t\t\t<div class=\"elementor-widget-container\">\n\t\t\t\t\t\t\t<div class=\"elementor-spacer\">\n\t\t\t<div class=\"elementor-spacer-inner\"><\/div>\n\t\t<\/div>\n\t\t\t\t\t\t<\/div>\n\t\t\t\t<\/div>\n\t\t\t\t\t<\/div>\n\t\t<\/div>\n\t\t\t\t\t<\/div>\n\t\t<\/section>\n\t\t\t\t<\/div>","protected":false},"excerpt":{"rendered":"<p>Palm oil Our cooking oil comes in various sizes ranging from 250 ml up to 25 litres. We can also ship in Flexi Bags. Please contact us for more information. Cooking oil<\/p>","protected":false},"author":1,"featured_media":0,"parent":16,"menu_order":0,"comment_status":"closed","ping_status":"closed","template":"","meta":{"ocean_post_layout":"","ocean_both_sidebars_style":"","ocean_both_sidebars_content_width":0,"ocean_both_sidebars_sidebars_width":0,"ocean_sidebar":"0","ocean_second_sidebar":"0","ocean_disable_margins":"enable","ocean_add_body_class":"","ocean_shortcode_before_top_bar":"","ocean_shortcode_after_top_bar":"","ocean_shortcode_before_header":"","ocean_shortcode_after_header":"","ocean_has_shortcode":"","ocean_shortcode_after_title":"","ocean_shortcode_before_footer_widgets":"","ocean_shortcode_after_footer_widgets":"","ocean_shortcode_before_footer_bottom":"","ocean_shortcode_after_footer_bottom":"","ocean_display_top_bar":"default","ocean_display_header":"default","ocean_header_style":"","ocean_center_header_left_menu":"0","ocean_custom_header_template":"0","ocean_custom_logo":0,"ocean_custom_retina_logo":0,"ocean_custom_logo_max_width":0,"ocean_custom_logo_tablet_max_width":0,"ocean_custom_logo_mobile_max_width":0,"ocean_custom_logo_max_height":0,"ocean_custom_logo_tablet_max_height":0,"ocean_custom_logo_mobile_max_height":0,"ocean_header_custom_menu":"0","ocean_menu_typo_font_family":"0","ocean_menu_typo_font_subset":"","ocean_menu_typo_font_size":0,"ocean_menu_typo_font_size_tablet":0,"ocean_menu_typo_font_size_mobile":0,"ocean_menu_typo_font_size_unit":"px","ocean_menu_typo_font_weight":"","ocean_menu_typo_font_weight_tablet":"","ocean_menu_typo_font_weight_mobile":"","ocean_menu_typo_transform":"","ocean_menu_typo_transform_tablet":"","ocean_menu_typo_transform_mobile":"","ocean_menu_typo_line_height":0,"ocean_menu_typo_line_height_tablet":0,"ocean_menu_typo_line_height_mobile":0,"ocean_menu_typo_line_height_unit":"","ocean_menu_typo_spacing":0,"ocean_menu_typo_spacing_tablet":0,"ocean_menu_typo_spacing_mobile":0,"ocean_menu_typo_spacing_unit":"","ocean_menu_link_color":"","ocean_menu_link_color_hover":"","ocean_menu_link_color_active":"","ocean_menu_link_background":"","ocean_menu_link_hover_background":"","ocean_menu_link_active_background":"","ocean_menu_social_links_bg":"","ocean_menu_social_hover_links_bg":"","ocean_menu_social_links_color":"","ocean_menu_social_hover_links_color":"","ocean_disable_title":"default","ocean_disable_heading":"default","ocean_post_title":"","ocean_post_subheading":"","ocean_post_title_style":"","ocean_post_title_background_color":"","ocean_post_title_background":0,"ocean_post_title_bg_image_position":"","ocean_post_title_bg_image_attachment":"","ocean_post_title_bg_image_repeat":"","ocean_post_title_bg_image_size":"","ocean_post_title_height":0,"ocean_post_title_bg_overlay":0.5,"ocean_post_title_bg_overlay_color":"","ocean_disable_breadcrumbs":"default","ocean_breadcrumbs_color":"","ocean_breadcrumbs_separator_color":"","ocean_breadcrumbs_links_color":"","ocean_breadcrumbs_links_hover_color":"","ocean_display_footer_widgets":"default","ocean_display_footer_bottom":"default","ocean_custom_footer_template":"0","footnotes":""},"categories":[],"tags":[],"class_list":["post-1623","page","type-page","status-publish","hentry","entry"],"yoast_head":"<!-- This site is optimized with the Yoast SEO plugin v27.3 - https:\/\/yoast.com\/product\/yoast-seo-wordpress\/ -->\n<title>Palm oil - Fabco<\/title>\n<meta name=\"robots\" content=\"index, follow, max-snippet:-1, max-image-preview:large, max-video-preview:-1\" \/>\n<link rel=\"canonical\" href=\"https:\/\/fabco.dk\/pt\/what-we-offer\/food-products\/cooking-oil\/\" \/>\n<meta property=\"og:locale\" content=\"pt_PT\" \/>\n<meta property=\"og:type\" content=\"article\" \/>\n<meta property=\"og:title\" content=\"Palm oil - Fabco\" \/>\n<meta property=\"og:description\" content=\"Palm oil Our cooking oil comes in various sizes ranging from 250 ml up to 25 litres. We can also ship in Flexi Bags. Please contact us for more information. Cooking oil\" \/>\n<meta property=\"og:url\" content=\"https:\/\/fabco.dk\/pt\/what-we-offer\/food-products\/cooking-oil\/\" \/>\n<meta property=\"og:site_name\" content=\"Fabco\" \/>\n<meta property=\"article:publisher\" content=\"https:\/\/www.facebook.com\/taptapfabco\/\" \/>\n<meta property=\"article:modified_time\" content=\"2021-11-02T21:08:45+00:00\" \/>\n<meta name=\"twitter:card\" content=\"summary_large_image\" \/>\n<meta name=\"twitter:label1\" content=\"Tempo estimado de leitura\" \/>\n\t<meta name=\"twitter:data1\" content=\"1 minuto\" \/>\n<script type=\"application\/ld+json\" class=\"yoast-schema-graph\">{\"@context\":\"https:\\\/\\\/schema.org\",\"@graph\":[{\"@type\":\"WebPage\",\"@id\":\"https:\\\/\\\/fabco.dk\\\/what-we-offer\\\/food-products\\\/cooking-oil\\\/\",\"url\":\"https:\\\/\\\/fabco.dk\\\/what-we-offer\\\/food-products\\\/cooking-oil\\\/\",\"name\":\"Palm oil - Fabco\",\"isPartOf\":{\"@id\":\"https:\\\/\\\/fabco.dk\\\/#website\"},\"datePublished\":\"2019-10-18T17:25:44+00:00\",\"dateModified\":\"2021-11-02T21:08:45+00:00\",\"breadcrumb\":{\"@id\":\"https:\\\/\\\/fabco.dk\\\/what-we-offer\\\/food-products\\\/cooking-oil\\\/#breadcrumb\"},\"inLanguage\":\"pt-PT\",\"potentialAction\":[{\"@type\":\"ReadAction\",\"target\":[\"https:\\\/\\\/fabco.dk\\\/what-we-offer\\\/food-products\\\/cooking-oil\\\/\"]}]},{\"@type\":\"BreadcrumbList\",\"@id\":\"https:\\\/\\\/fabco.dk\\\/what-we-offer\\\/food-products\\\/cooking-oil\\\/#breadcrumb\",\"itemListElement\":[{\"@type\":\"ListItem\",\"position\":1,\"name\":\"Home\",\"item\":\"https:\\\/\\\/fabco.dk\\\/\"},{\"@type\":\"ListItem\",\"position\":2,\"name\":\"What we offer\",\"item\":\"https:\\\/\\\/fabco.dk\\\/what-we-offer\\\/\"},{\"@type\":\"ListItem\",\"position\":3,\"name\":\"Food products\",\"item\":\"https:\\\/\\\/fabco.dk\\\/what-we-offer\\\/food-products\\\/\"},{\"@type\":\"ListItem\",\"position\":4,\"name\":\"Palm oil\"}]},{\"@type\":\"WebSite\",\"@id\":\"https:\\\/\\\/fabco.dk\\\/#website\",\"url\":\"https:\\\/\\\/fabco.dk\\\/\",\"name\":\"Fabco\",\"description\":\"Branded food and non-food since 1991\",\"publisher\":{\"@id\":\"https:\\\/\\\/fabco.dk\\\/#organization\"},\"potentialAction\":[{\"@type\":\"SearchAction\",\"target\":{\"@type\":\"EntryPoint\",\"urlTemplate\":\"https:\\\/\\\/fabco.dk\\\/?s={search_term_string}\"},\"query-input\":{\"@type\":\"PropertyValueSpecification\",\"valueRequired\":true,\"valueName\":\"search_term_string\"}}],\"inLanguage\":\"pt-PT\"},{\"@type\":\"Organization\",\"@id\":\"https:\\\/\\\/fabco.dk\\\/#organization\",\"name\":\"Fabco ApS\",\"url\":\"https:\\\/\\\/fabco.dk\\\/\",\"logo\":{\"@type\":\"ImageObject\",\"inLanguage\":\"pt-PT\",\"@id\":\"https:\\\/\\\/fabco.dk\\\/#\\\/schema\\\/logo\\\/image\\\/\",\"url\":\"https:\\\/\\\/fabco.dk\\\/wp-content\\\/uploads\\\/2019\\\/12\\\/taptap_r\u00f8dt_3001.jpg\",\"contentUrl\":\"https:\\\/\\\/fabco.dk\\\/wp-content\\\/uploads\\\/2019\\\/12\\\/taptap_r\u00f8dt_3001.jpg\",\"width\":1183,\"height\":151,\"caption\":\"Fabco ApS\"},\"image\":{\"@id\":\"https:\\\/\\\/fabco.dk\\\/#\\\/schema\\\/logo\\\/image\\\/\"},\"sameAs\":[\"https:\\\/\\\/www.facebook.com\\\/taptapfabco\\\/\"]}]}<\/script>\n<!-- \/ Yoast SEO plugin. -->","yoast_head_json":{"title":"Palm oil - Fabco","robots":{"index":"index","follow":"follow","max-snippet":"max-snippet:-1","max-image-preview":"max-image-preview:large","max-video-preview":"max-video-preview:-1"},"canonical":"https:\/\/fabco.dk\/pt\/what-we-offer\/food-products\/cooking-oil\/","og_locale":"pt_PT","og_type":"article","og_title":"Palm oil - Fabco","og_description":"Palm oil Our cooking oil comes in various sizes ranging from 250 ml up to 25 litres. We can also ship in Flexi Bags. Please contact us for more information. Cooking oil","og_url":"https:\/\/fabco.dk\/pt\/what-we-offer\/food-products\/cooking-oil\/","og_site_name":"Fabco","article_publisher":"https:\/\/www.facebook.com\/taptapfabco\/","article_modified_time":"2021-11-02T21:08:45+00:00","twitter_card":"summary_large_image","twitter_misc":{"Tempo estimado de leitura":"1 minuto"},"schema":{"@context":"https:\/\/schema.org","@graph":[{"@type":"WebPage","@id":"https:\/\/fabco.dk\/what-we-offer\/food-products\/cooking-oil\/","url":"https:\/\/fabco.dk\/what-we-offer\/food-products\/cooking-oil\/","name":"Palm oil - Fabco","isPartOf":{"@id":"https:\/\/fabco.dk\/#website"},"datePublished":"2019-10-18T17:25:44+00:00","dateModified":"2021-11-02T21:08:45+00:00","breadcrumb":{"@id":"https:\/\/fabco.dk\/what-we-offer\/food-products\/cooking-oil\/#breadcrumb"},"inLanguage":"pt-PT","potentialAction":[{"@type":"ReadAction","target":["https:\/\/fabco.dk\/what-we-offer\/food-products\/cooking-oil\/"]}]},{"@type":"BreadcrumbList","@id":"https:\/\/fabco.dk\/what-we-offer\/food-products\/cooking-oil\/#breadcrumb","itemListElement":[{"@type":"ListItem","position":1,"name":"Home","item":"https:\/\/fabco.dk\/"},{"@type":"ListItem","position":2,"name":"What we offer","item":"https:\/\/fabco.dk\/what-we-offer\/"},{"@type":"ListItem","position":3,"name":"Food products","item":"https:\/\/fabco.dk\/what-we-offer\/food-products\/"},{"@type":"ListItem","position":4,"name":"Palm oil"}]},{"@type":"WebSite","@id":"https:\/\/fabco.dk\/#website","url":"https:\/\/fabco.dk\/","name":"Fabco","description":"Produtos alimentares e n\u00e3o-alimentares de marca desde 1991","publisher":{"@id":"https:\/\/fabco.dk\/#organization"},"potentialAction":[{"@type":"SearchAction","target":{"@type":"EntryPoint","urlTemplate":"https:\/\/fabco.dk\/?s={search_term_string}"},"query-input":{"@type":"PropertyValueSpecification","valueRequired":true,"valueName":"search_term_string"}}],"inLanguage":"pt-PT"},{"@type":"Organization","@id":"https:\/\/fabco.dk\/#organization","name":"Fabco ApS","url":"https:\/\/fabco.dk\/","logo":{"@type":"ImageObject","inLanguage":"pt-PT","@id":"https:\/\/fabco.dk\/#\/schema\/logo\/image\/","url":"https:\/\/fabco.dk\/wp-content\/uploads\/2019\/12\/taptap_r\u00f8dt_3001.jpg","contentUrl":"https:\/\/fabco.dk\/wp-content\/uploads\/2019\/12\/taptap_r\u00f8dt_3001.jpg","width":1183,"height":151,"caption":"Fabco ApS"},"image":{"@id":"https:\/\/fabco.dk\/#\/schema\/logo\/image\/"},"sameAs":["https:\/\/www.facebook.com\/taptapfabco\/"]}]}},"_links":{"self":[{"href":"https:\/\/fabco.dk\/pt\/wp-json\/wp\/v2\/pages\/1623","targetHints":{"allow":["GET"]}}],"collection":[{"href":"https:\/\/fabco.dk\/pt\/wp-json\/wp\/v2\/pages"}],"about":[{"href":"https:\/\/fabco.dk\/pt\/wp-json\/wp\/v2\/types\/page"}],"author":[{"embeddable":true,"href":"https:\/\/fabco.dk\/pt\/wp-json\/wp\/v2\/users\/1"}],"replies":[{"embeddable":true,"href":"https:\/\/fabco.dk\/pt\/wp-json\/wp\/v2\/comments?post=1623"}],"version-history":[{"count":12,"href":"https:\/\/fabco.dk\/pt\/wp-json\/wp\/v2\/pages\/1623\/revisions"}],"predecessor-version":[{"id":2847,"href":"https:\/\/fabco.dk\/pt\/wp-json\/wp\/v2\/pages\/1623\/revisions\/2847"}],"up":[{"embeddable":true,"href":"https:\/\/fabco.dk\/pt\/wp-json\/wp\/v2\/pages\/16"}],"wp:attachment":[{"href":"https:\/\/fabco.dk\/pt\/wp-json\/wp\/v2\/media?parent=1623"}],"wp:term":[{"taxonomy":"category","embeddable":true,"href":"https:\/\/fabco.dk\/pt\/wp-json\/wp\/v2\/categories?post=1623"},{"taxonomy":"post_tag","embeddable":true,"href":"https:\/\/fabco.dk\/pt\/wp-json\/wp\/v2\/tags?post=1623"}],"curies":[{"name":"wp","href":"https:\/\/api.w.org\/{rel}","templated":true}]}}