{"id":2550,"date":"2021-02-19T21:05:38","date_gmt":"2021-02-19T21:05:38","guid":{"rendered":"http:\/\/fabco.dk\/?page_id=2550"},"modified":"2026-04-17T08:10:23","modified_gmt":"2026-04-17T08:10:23","slug":"product-assortment-catalogue","status":"publish","type":"page","link":"https:\/\/fabco.dk\/fr\/media-centre\/product-assortment-catalogue\/","title":{"rendered":"Catalogue gamme de produits"},"content":{"rendered":"<div data-elementor-type=\"wp-page\" data-elementor-id=\"2550\" class=\"elementor elementor-2550\" data-elementor-post-type=\"page\">\n\t\t\t\t\t\t<section class=\"elementor-section elementor-top-section elementor-element elementor-element-32616432 elementor-section-boxed elementor-section-height-default elementor-section-height-default\" data-id=\"32616432\" data-element_type=\"section\" data-e-type=\"section\" data-settings=\"{&quot;background_background&quot;:&quot;classic&quot;}\">\n\t\t\t\t\t\t<div class=\"elementor-container elementor-column-gap-default\">\n\t\t\t\t\t<div class=\"elementor-column elementor-col-100 elementor-top-column elementor-element elementor-element-4fa89a0f\" data-id=\"4fa89a0f\" data-element_type=\"column\" data-e-type=\"column\" data-settings=\"{&quot;background_background&quot;:&quot;classic&quot;}\">\n\t\t\t<div class=\"elementor-widget-wrap elementor-element-populated\">\n\t\t\t\t\t\t<div class=\"elementor-element elementor-element-6e6d0d5c elementor-widget elementor-widget-spacer\" data-id=\"6e6d0d5c\" data-element_type=\"widget\" data-e-type=\"widget\" data-widget_type=\"spacer.default\">\n\t\t\t\t<div class=\"elementor-widget-container\">\n\t\t\t\t\t\t\t<div class=\"elementor-spacer\">\n\t\t\t<div class=\"elementor-spacer-inner\"><\/div>\n\t\t<\/div>\n\t\t\t\t\t\t<\/div>\n\t\t\t\t<\/div>\n\t\t\t\t\t<\/div>\n\t\t<\/div>\n\t\t\t\t\t<\/div>\n\t\t<\/section>\n\t\t\t\t<section class=\"elementor-section elementor-top-section elementor-element elementor-element-6734e979 fabco-mobile-margin elementor-section-boxed elementor-section-height-default elementor-section-height-default\" data-id=\"6734e979\" data-element_type=\"section\" data-e-type=\"section\">\n\t\t\t\t\t\t<div class=\"elementor-container elementor-column-gap-default\">\n\t\t\t\t\t<div class=\"elementor-column elementor-col-100 elementor-top-column elementor-element elementor-element-1efb65a5\" data-id=\"1efb65a5\" data-element_type=\"column\" data-e-type=\"column\">\n\t\t\t<div class=\"elementor-widget-wrap elementor-element-populated\">\n\t\t\t\t\t\t<div class=\"elementor-element elementor-element-1e087c75 elementor-widget elementor-widget-breadcrumbs\" data-id=\"1e087c75\" data-element_type=\"widget\" data-e-type=\"widget\" data-widget_type=\"breadcrumbs.default\">\n\t\t\t\t<div class=\"elementor-widget-container\">\n\t\t\t\t\t<p id=\"breadcrumbs\"><span><span><a href=\"https:\/\/fabco.dk\/fr\/\">Home<\/a><\/span><\/span><\/p>\t\t\t\t<\/div>\n\t\t\t\t<\/div>\n\t\t\t\t\t<\/div>\n\t\t<\/div>\n\t\t\t\t\t<\/div>\n\t\t<\/section>\n\t\t\t\t<section class=\"elementor-section elementor-top-section elementor-element elementor-element-fe55d20 elementor-section-boxed elementor-section-height-default elementor-section-height-default\" data-id=\"fe55d20\" data-element_type=\"section\" data-e-type=\"section\">\n\t\t\t\t\t\t<div class=\"elementor-container elementor-column-gap-default\">\n\t\t\t\t\t<div class=\"elementor-column elementor-col-100 elementor-top-column elementor-element elementor-element-9c90a0b\" data-id=\"9c90a0b\" data-element_type=\"column\" data-e-type=\"column\">\n\t\t\t<div class=\"elementor-widget-wrap elementor-element-populated\">\n\t\t\t\t\t\t<div class=\"elementor-element elementor-element-a4f8af8 elementor-widget elementor-widget-spacer\" data-id=\"a4f8af8\" data-element_type=\"widget\" data-e-type=\"widget\" data-widget_type=\"spacer.default\">\n\t\t\t\t<div class=\"elementor-widget-container\">\n\t\t\t\t\t\t\t<div class=\"elementor-spacer\">\n\t\t\t<div class=\"elementor-spacer-inner\"><\/div>\n\t\t<\/div>\n\t\t\t\t\t\t<\/div>\n\t\t\t\t<\/div>\n\t\t\t\t\t<\/div>\n\t\t<\/div>\n\t\t\t\t\t<\/div>\n\t\t<\/section>\n\t\t\t\t<section class=\"elementor-section elementor-top-section elementor-element elementor-element-1899ffc3 fabco-mobile-margin elementor-section-boxed elementor-section-height-default elementor-section-height-default\" data-id=\"1899ffc3\" data-element_type=\"section\" data-e-type=\"section\">\n\t\t\t\t\t\t<div class=\"elementor-container elementor-column-gap-default\">\n\t\t\t\t\t<div class=\"elementor-column elementor-col-100 elementor-top-column elementor-element elementor-element-6c3325fd\" data-id=\"6c3325fd\" data-element_type=\"column\" data-e-type=\"column\">\n\t\t\t<div class=\"elementor-widget-wrap elementor-element-populated\">\n\t\t\t\t\t\t<div class=\"elementor-element elementor-element-f53e71d elementor-widget elementor-widget-heading\" data-id=\"f53e71d\" data-element_type=\"widget\" data-e-type=\"widget\" data-widget_type=\"heading.default\">\n\t\t\t\t<div class=\"elementor-widget-container\">\n\t\t\t\t\t<h2 class=\"elementor-heading-title elementor-size-default\">Catalogue gamme de produits TAP-TAP<\/h2>\t\t\t\t<\/div>\n\t\t\t\t<\/div>\n\t\t\t\t\t<\/div>\n\t\t<\/div>\n\t\t\t\t\t<\/div>\n\t\t<\/section>\n\t\t\t\t<section class=\"elementor-section elementor-top-section elementor-element elementor-element-72bbc5b2 fabco-mobile-margin elementor-section-boxed elementor-section-height-default elementor-section-height-default\" data-id=\"72bbc5b2\" data-element_type=\"section\" data-e-type=\"section\">\n\t\t\t\t\t\t<div class=\"elementor-container elementor-column-gap-wider\">\n\t\t\t\t\t<div class=\"elementor-column elementor-col-66 elementor-top-column elementor-element elementor-element-2c3ba018\" data-id=\"2c3ba018\" data-element_type=\"column\" data-e-type=\"column\">\n\t\t\t<div class=\"elementor-widget-wrap elementor-element-populated\">\n\t\t\t\t\t\t<div class=\"elementor-element elementor-element-cd8f728 elementor-widget elementor-widget-text-editor\" data-id=\"cd8f728\" data-element_type=\"widget\" data-e-type=\"widget\" data-widget_type=\"text-editor.default\">\n\t\t\t\t<div class=\"elementor-widget-container\">\n\t\t\t\t\t\t\t\t\t<p>Fabco fournit une vaste gamme d`aliments et non aliments sous la marque bien \u00e9tablie\nde base TAP-TAP. Nous pouvons aussi offrir une vari\u00e9t\u00e9 d`autres biens.<\/p><p>Notre gamme est \u00e9num\u00e9r\u00e9e dans notre page<a href=\"http:\/\/fabco.dk\/fr\/what-we-offer\/\">Ce que nous offrons<\/a>Si vous pr\u00e9f\u00e9rez un catalogue au format PDF, il est disponible pour t\u00e9l\u00e9charger dans des\ndiff\u00e9rentes versions linguistiques.<\/p><p><span style=\"display: block; margin-bottom: 5px;\"><img decoding=\"async\" class=\"size-full wp-image-2552 alignleft\" src=\"http:\/\/fabco.dk\/wp-content\/uploads\/2021\/02\/united-kingdom.png\" alt=\"english\" width=\"25\" height=\"auto\" srcset=\"https:\/\/fabco.dk\/wp-content\/uploads\/2021\/02\/united-kingdom.png 64w, https:\/\/fabco.dk\/wp-content\/uploads\/2021\/02\/united-kingdom-12x12.png 12w\" sizes=\"(max-width: 64px) 100vw, 64px\" \/><a href=\"https:\/\/www.dropbox.com\/scl\/fi\/hrl1xv4jqgvofbzv79lso\/Fabco_TAP-TAP_Product-assortment-overview_EN.pdf?rlkey=jm0slenwe151v42d5ovpd3cgg&amp;st=jr3oknc4&amp;dl=0\" target=\"_blank\" rel=\"noopener\">Aper\u00e7u de gamme de produits TAP-TAP (version anglaise)<\/a><\/span><span style=\"display: block; margin-bottom: 5px;\"><img decoding=\"async\" class=\"size-full wp-image-2552 alignleft\" src=\"http:\/\/fabco.dk\/wp-content\/uploads\/2021\/03\/portugal.svg\" alt=\"english\" width=\"25\" height=\"auto\" \/><a href=\"https:\/\/www.dropbox.com\/s\/fi5i4c2e3vmrdig\/Fabco_TAP-TAP_Cat%C3%A1logo%20de%20gama%20de%20produtos_PT.pdf?dl=0\" target=\"_blank\" rel=\"noopener\">Aper\u00e7u de gamme de produits TAP-TAP (version portugais)<\/a><\/span><span style=\"display: block; margin-bottom: 5px;\"><img decoding=\"async\" class=\"size-full wp-image-2552 alignleft\" src=\"http:\/\/fabco.dk\/wp-content\/uploads\/2021\/02\/spain.png\" alt=\"english\" width=\"25\" height=\"auto\" \/><a href=\"https:\/\/www.dropbox.com\/s\/05aaeicgqmosd0t\/Fabco_Cat%C3%A1logo%20de%20gama%20de%20productos%20de%20TAP-TAP_ES.pdf?dl=0\" target=\"_blank\" rel=\"noopener\">Aper\u00e7u de gamme de produits TAP-TAP (version espagnole)<\/a><\/span><span style=\"display: block; margin-bottom: 5px;\"><img decoding=\"async\" class=\"size-full wp-image-2552 alignleft\" src=\"http:\/\/fabco.dk\/wp-content\/uploads\/2021\/02\/france.png\" alt=\"english\" width=\"25\" height=\"auto\" \/><a href=\"https:\/\/www.dropbox.com\/s\/zvnhie5eicovbax\/Fabco_Aper%C3%A7u%20de%20gamme%20de%20produits%20TAP-TAP_FR.pdf?dl=0\" target=\"_blank\" rel=\"noopener\">Aper\u00e7u de gamme de produits TAP-TAP (version francaise)<\/a><\/span><\/p><p><span style=\"font-size: 16px;\">Pour des renseignements sur notre gamme de produits, <\/span><a style=\"font-size: 16px; background-color: #ffffff;\" href=\"http:\/\/fabco.dk\/fr\/contact-us\/\">veuillez nous contacter<\/a><span style=\"font-size: 16px;\">.<\/span><\/p>\t\t\t\t\t\t\t\t<\/div>\n\t\t\t\t<\/div>\n\t\t\t\t\t<\/div>\n\t\t<\/div>\n\t\t\t\t<div class=\"elementor-column elementor-col-33 elementor-top-column elementor-element elementor-element-2ee24616\" data-id=\"2ee24616\" data-element_type=\"column\" data-e-type=\"column\">\n\t\t\t<div class=\"elementor-widget-wrap elementor-element-populated\">\n\t\t\t\t\t\t<div class=\"elementor-element elementor-element-146d3dbc elementor-widget elementor-widget-text-editor\" data-id=\"146d3dbc\" data-element_type=\"widget\" data-e-type=\"widget\" data-widget_type=\"text-editor.default\">\n\t\t\t\t<div class=\"elementor-widget-container\">\n\t\t\t\t\t\t\t\t\t<p><strong>Veuillez nous contacter pour de plus amples informations:<\/strong><\/p><p>Cellulaire: \u00a0\u00a0 +45 2615 6741<br \/>T\u00e9l\u00e9phone:\u00a0 +45 4635 6741<br \/>Courrier \u00e9lectronique:\u00a0 <span style=\"color: #00adee;\">\u00a0<a style=\"color: #00adee;\" href=\"mailto:info@fabco.dk\">info@fabco.dk<\/a><\/span><\/p>\t\t\t\t\t\t\t\t<\/div>\n\t\t\t\t<\/div>\n\t\t\t\t\t<\/div>\n\t\t<\/div>\n\t\t\t\t\t<\/div>\n\t\t<\/section>\n\t\t\t\t<section class=\"elementor-section elementor-top-section elementor-element elementor-element-a2021f6 elementor-section-boxed elementor-section-height-default elementor-section-height-default\" data-id=\"a2021f6\" data-element_type=\"section\" data-e-type=\"section\">\n\t\t\t\t\t\t<div class=\"elementor-container elementor-column-gap-default\">\n\t\t\t\t\t<div class=\"elementor-column elementor-col-100 elementor-top-column elementor-element elementor-element-7674b08\" data-id=\"7674b08\" data-element_type=\"column\" data-e-type=\"column\">\n\t\t\t<div class=\"elementor-widget-wrap elementor-element-populated\">\n\t\t\t\t\t\t<div class=\"elementor-element elementor-element-f1e0964 elementor-widget elementor-widget-spacer\" data-id=\"f1e0964\" data-element_type=\"widget\" data-e-type=\"widget\" data-widget_type=\"spacer.default\">\n\t\t\t\t<div class=\"elementor-widget-container\">\n\t\t\t\t\t\t\t<div class=\"elementor-spacer\">\n\t\t\t<div class=\"elementor-spacer-inner\"><\/div>\n\t\t<\/div>\n\t\t\t\t\t\t<\/div>\n\t\t\t\t<\/div>\n\t\t\t\t\t<\/div>\n\t\t<\/div>\n\t\t\t\t\t<\/div>\n\t\t<\/section>\n\t\t\t\t<\/div>","protected":false},"excerpt":{"rendered":"<p>TAP-TAP Product assortment catalogue Fabco supplies a large assortment of basic food and non-food products under the well-established TAP-TAP brand. We are also able to offer a variety of other goods. Our assortment is listed on our &#8220;What we offer&#8221; page. If you prefer a PDF catalogue format, it&#8217;s available for download in different language [&hellip;]<\/p>\n","protected":false},"author":1,"featured_media":0,"parent":28,"menu_order":1,"comment_status":"closed","ping_status":"closed","template":"","meta":{"ocean_post_layout":"full-screen","ocean_both_sidebars_style":"","ocean_both_sidebars_content_width":0,"ocean_both_sidebars_sidebars_width":0,"ocean_sidebar":"0","ocean_second_sidebar":"0","ocean_disable_margins":"enable","ocean_add_body_class":"","ocean_shortcode_before_top_bar":"","ocean_shortcode_after_top_bar":"","ocean_shortcode_before_header":"","ocean_shortcode_after_header":"","ocean_has_shortcode":"","ocean_shortcode_after_title":"","ocean_shortcode_before_footer_widgets":"","ocean_shortcode_after_footer_widgets":"","ocean_shortcode_before_footer_bottom":"","ocean_shortcode_after_footer_bottom":"","ocean_display_top_bar":"default","ocean_display_header":"default","ocean_header_style":"","ocean_center_header_left_menu":"0","ocean_custom_header_template":"0","ocean_custom_logo":0,"ocean_custom_retina_logo":0,"ocean_custom_logo_max_width":0,"ocean_custom_logo_tablet_max_width":0,"ocean_custom_logo_mobile_max_width":0,"ocean_custom_logo_max_height":0,"ocean_custom_logo_tablet_max_height":0,"ocean_custom_logo_mobile_max_height":0,"ocean_header_custom_menu":"0","ocean_menu_typo_font_family":"0","ocean_menu_typo_font_subset":"","ocean_menu_typo_font_size":0,"ocean_menu_typo_font_size_tablet":0,"ocean_menu_typo_font_size_mobile":0,"ocean_menu_typo_font_size_unit":"px","ocean_menu_typo_font_weight":"","ocean_menu_typo_font_weight_tablet":"","ocean_menu_typo_font_weight_mobile":"","ocean_menu_typo_transform":"","ocean_menu_typo_transform_tablet":"","ocean_menu_typo_transform_mobile":"","ocean_menu_typo_line_height":0,"ocean_menu_typo_line_height_tablet":0,"ocean_menu_typo_line_height_mobile":0,"ocean_menu_typo_line_height_unit":"","ocean_menu_typo_spacing":0,"ocean_menu_typo_spacing_tablet":0,"ocean_menu_typo_spacing_mobile":0,"ocean_menu_typo_spacing_unit":"","ocean_menu_link_color":"","ocean_menu_link_color_hover":"","ocean_menu_link_color_active":"","ocean_menu_link_background":"","ocean_menu_link_hover_background":"","ocean_menu_link_active_background":"","ocean_menu_social_links_bg":"","ocean_menu_social_hover_links_bg":"","ocean_menu_social_links_color":"","ocean_menu_social_hover_links_color":"","ocean_disable_title":"default","ocean_disable_heading":"default","ocean_post_title":"","ocean_post_subheading":"","ocean_post_title_style":"","ocean_post_title_background_color":"","ocean_post_title_background":0,"ocean_post_title_bg_image_position":"","ocean_post_title_bg_image_attachment":"","ocean_post_title_bg_image_repeat":"","ocean_post_title_bg_image_size":"","ocean_post_title_height":0,"ocean_post_title_bg_overlay":0.5,"ocean_post_title_bg_overlay_color":"","ocean_disable_breadcrumbs":"default","ocean_breadcrumbs_color":"","ocean_breadcrumbs_separator_color":"","ocean_breadcrumbs_links_color":"","ocean_breadcrumbs_links_hover_color":"","ocean_display_footer_widgets":"default","ocean_display_footer_bottom":"default","ocean_custom_footer_template":"0","footnotes":""},"categories":[],"tags":[],"class_list":["post-2550","page","type-page","status-publish","hentry","entry"],"yoast_head":"<!-- This site is optimized with the Yoast SEO plugin v27.3 - https:\/\/yoast.com\/product\/yoast-seo-wordpress\/ -->\n<title>Product assortment catalogue - Fabco<\/title>\n<meta name=\"robots\" content=\"index, follow, max-snippet:-1, max-image-preview:large, max-video-preview:-1\" \/>\n<link rel=\"canonical\" href=\"https:\/\/fabco.dk\/fr\/media-centre\/product-assortment-catalogue\/\" \/>\n<meta property=\"og:locale\" content=\"fr_FR\" \/>\n<meta property=\"og:type\" content=\"article\" \/>\n<meta property=\"og:title\" content=\"Product assortment catalogue - Fabco\" \/>\n<meta property=\"og:description\" content=\"TAP-TAP Product assortment catalogue Fabco supplies a large assortment of basic food and non-food products under the well-established TAP-TAP brand. We are also able to offer a variety of other goods. Our assortment is listed on our &#8220;What we offer&#8221; page. If you prefer a PDF catalogue format, it&#8217;s available for download in different language [&hellip;]\" \/>\n<meta property=\"og:url\" content=\"https:\/\/fabco.dk\/fr\/media-centre\/product-assortment-catalogue\/\" \/>\n<meta property=\"og:site_name\" content=\"Fabco\" \/>\n<meta property=\"article:publisher\" content=\"https:\/\/www.facebook.com\/taptapfabco\/\" \/>\n<meta property=\"article:modified_time\" content=\"2026-04-17T08:10:23+00:00\" \/>\n<meta property=\"og:image\" content=\"https:\/\/fabco.dk\/wp-content\/uploads\/2025\/10\/product-catalouge.png\" \/>\n\t<meta property=\"og:image:width\" content=\"1018\" \/>\n\t<meta property=\"og:image:height\" content=\"831\" \/>\n\t<meta property=\"og:image:type\" content=\"image\/png\" \/>\n<meta name=\"twitter:card\" content=\"summary_large_image\" \/>\n<meta name=\"twitter:label1\" content=\"Dur\u00e9e de lecture estim\u00e9e\" \/>\n\t<meta name=\"twitter:data1\" content=\"2 minutes\" \/>\n<script type=\"application\/ld+json\" class=\"yoast-schema-graph\">{\"@context\":\"https:\\\/\\\/schema.org\",\"@graph\":[{\"@type\":\"WebPage\",\"@id\":\"https:\\\/\\\/fabco.dk\\\/media-centre\\\/product-assortment-catalogue\\\/\",\"url\":\"https:\\\/\\\/fabco.dk\\\/media-centre\\\/product-assortment-catalogue\\\/\",\"name\":\"Product assortment catalogue - Fabco\",\"isPartOf\":{\"@id\":\"https:\\\/\\\/fabco.dk\\\/#website\"},\"primaryImageOfPage\":{\"@id\":\"https:\\\/\\\/fabco.dk\\\/media-centre\\\/product-assortment-catalogue\\\/#primaryimage\"},\"image\":{\"@id\":\"https:\\\/\\\/fabco.dk\\\/media-centre\\\/product-assortment-catalogue\\\/#primaryimage\"},\"thumbnailUrl\":\"http:\\\/\\\/fabco.dk\\\/wp-content\\\/uploads\\\/2021\\\/02\\\/united-kingdom.png\",\"datePublished\":\"2021-02-19T21:05:38+00:00\",\"dateModified\":\"2026-04-17T08:10:23+00:00\",\"breadcrumb\":{\"@id\":\"https:\\\/\\\/fabco.dk\\\/media-centre\\\/product-assortment-catalogue\\\/#breadcrumb\"},\"inLanguage\":\"fr-FR\",\"potentialAction\":[{\"@type\":\"ReadAction\",\"target\":[\"https:\\\/\\\/fabco.dk\\\/media-centre\\\/product-assortment-catalogue\\\/\"]}]},{\"@type\":\"ImageObject\",\"inLanguage\":\"fr-FR\",\"@id\":\"https:\\\/\\\/fabco.dk\\\/media-centre\\\/product-assortment-catalogue\\\/#primaryimage\",\"url\":\"http:\\\/\\\/fabco.dk\\\/wp-content\\\/uploads\\\/2021\\\/02\\\/united-kingdom.png\",\"contentUrl\":\"http:\\\/\\\/fabco.dk\\\/wp-content\\\/uploads\\\/2021\\\/02\\\/united-kingdom.png\"},{\"@type\":\"BreadcrumbList\",\"@id\":\"https:\\\/\\\/fabco.dk\\\/media-centre\\\/product-assortment-catalogue\\\/#breadcrumb\",\"itemListElement\":[{\"@type\":\"ListItem\",\"position\":1,\"name\":\"Home\",\"item\":\"https:\\\/\\\/fabco.dk\\\/\"},{\"@type\":\"ListItem\",\"position\":2,\"name\":\"Media centre\",\"item\":\"https:\\\/\\\/fabco.dk\\\/media-centre\\\/\"},{\"@type\":\"ListItem\",\"position\":3,\"name\":\"Product assortment catalogue\"}]},{\"@type\":\"WebSite\",\"@id\":\"https:\\\/\\\/fabco.dk\\\/#website\",\"url\":\"https:\\\/\\\/fabco.dk\\\/\",\"name\":\"Fabco\",\"description\":\"Branded food and non-food since 1991\",\"publisher\":{\"@id\":\"https:\\\/\\\/fabco.dk\\\/#organization\"},\"potentialAction\":[{\"@type\":\"SearchAction\",\"target\":{\"@type\":\"EntryPoint\",\"urlTemplate\":\"https:\\\/\\\/fabco.dk\\\/?s={search_term_string}\"},\"query-input\":{\"@type\":\"PropertyValueSpecification\",\"valueRequired\":true,\"valueName\":\"search_term_string\"}}],\"inLanguage\":\"fr-FR\"},{\"@type\":\"Organization\",\"@id\":\"https:\\\/\\\/fabco.dk\\\/#organization\",\"name\":\"Fabco ApS\",\"url\":\"https:\\\/\\\/fabco.dk\\\/\",\"logo\":{\"@type\":\"ImageObject\",\"inLanguage\":\"fr-FR\",\"@id\":\"https:\\\/\\\/fabco.dk\\\/#\\\/schema\\\/logo\\\/image\\\/\",\"url\":\"https:\\\/\\\/fabco.dk\\\/wp-content\\\/uploads\\\/2019\\\/12\\\/taptap_r\u00f8dt_3001.jpg\",\"contentUrl\":\"https:\\\/\\\/fabco.dk\\\/wp-content\\\/uploads\\\/2019\\\/12\\\/taptap_r\u00f8dt_3001.jpg\",\"width\":1183,\"height\":151,\"caption\":\"Fabco ApS\"},\"image\":{\"@id\":\"https:\\\/\\\/fabco.dk\\\/#\\\/schema\\\/logo\\\/image\\\/\"},\"sameAs\":[\"https:\\\/\\\/www.facebook.com\\\/taptapfabco\\\/\"]}]}<\/script>\n<!-- \/ Yoast SEO plugin. -->","yoast_head_json":{"title":"Product assortment catalogue - Fabco","robots":{"index":"index","follow":"follow","max-snippet":"max-snippet:-1","max-image-preview":"max-image-preview:large","max-video-preview":"max-video-preview:-1"},"canonical":"https:\/\/fabco.dk\/fr\/media-centre\/product-assortment-catalogue\/","og_locale":"fr_FR","og_type":"article","og_title":"Product assortment catalogue - Fabco","og_description":"TAP-TAP Product assortment catalogue Fabco supplies a large assortment of basic food and non-food products under the well-established TAP-TAP brand. We are also able to offer a variety of other goods. Our assortment is listed on our &#8220;What we offer&#8221; page. If you prefer a PDF catalogue format, it&#8217;s available for download in different language [&hellip;]","og_url":"https:\/\/fabco.dk\/fr\/media-centre\/product-assortment-catalogue\/","og_site_name":"Fabco","article_publisher":"https:\/\/www.facebook.com\/taptapfabco\/","article_modified_time":"2026-04-17T08:10:23+00:00","og_image":[{"width":1018,"height":831,"url":"https:\/\/fabco.dk\/wp-content\/uploads\/2025\/10\/product-catalouge.png","type":"image\/png"}],"twitter_card":"summary_large_image","twitter_misc":{"Dur\u00e9e de lecture estim\u00e9e":"2 minutes"},"schema":{"@context":"https:\/\/schema.org","@graph":[{"@type":"WebPage","@id":"https:\/\/fabco.dk\/media-centre\/product-assortment-catalogue\/","url":"https:\/\/fabco.dk\/media-centre\/product-assortment-catalogue\/","name":"Product assortment catalogue - Fabco","isPartOf":{"@id":"https:\/\/fabco.dk\/#website"},"primaryImageOfPage":{"@id":"https:\/\/fabco.dk\/media-centre\/product-assortment-catalogue\/#primaryimage"},"image":{"@id":"https:\/\/fabco.dk\/media-centre\/product-assortment-catalogue\/#primaryimage"},"thumbnailUrl":"http:\/\/fabco.dk\/wp-content\/uploads\/2021\/02\/united-kingdom.png","datePublished":"2021-02-19T21:05:38+00:00","dateModified":"2026-04-17T08:10:23+00:00","breadcrumb":{"@id":"https:\/\/fabco.dk\/media-centre\/product-assortment-catalogue\/#breadcrumb"},"inLanguage":"fr-FR","potentialAction":[{"@type":"ReadAction","target":["https:\/\/fabco.dk\/media-centre\/product-assortment-catalogue\/"]}]},{"@type":"ImageObject","inLanguage":"fr-FR","@id":"https:\/\/fabco.dk\/media-centre\/product-assortment-catalogue\/#primaryimage","url":"http:\/\/fabco.dk\/wp-content\/uploads\/2021\/02\/united-kingdom.png","contentUrl":"http:\/\/fabco.dk\/wp-content\/uploads\/2021\/02\/united-kingdom.png"},{"@type":"BreadcrumbList","@id":"https:\/\/fabco.dk\/media-centre\/product-assortment-catalogue\/#breadcrumb","itemListElement":[{"@type":"ListItem","position":1,"name":"Home","item":"https:\/\/fabco.dk\/"},{"@type":"ListItem","position":2,"name":"Media centre","item":"https:\/\/fabco.dk\/media-centre\/"},{"@type":"ListItem","position":3,"name":"Product assortment catalogue"}]},{"@type":"WebSite","@id":"https:\/\/fabco.dk\/#website","url":"https:\/\/fabco.dk\/","name":"Fabco","description":"Produits alimentaires et non alimentaires de marque depuis 1991","publisher":{"@id":"https:\/\/fabco.dk\/#organization"},"potentialAction":[{"@type":"SearchAction","target":{"@type":"EntryPoint","urlTemplate":"https:\/\/fabco.dk\/?s={search_term_string}"},"query-input":{"@type":"PropertyValueSpecification","valueRequired":true,"valueName":"search_term_string"}}],"inLanguage":"fr-FR"},{"@type":"Organization","@id":"https:\/\/fabco.dk\/#organization","name":"Fabco ApS","url":"https:\/\/fabco.dk\/","logo":{"@type":"ImageObject","inLanguage":"fr-FR","@id":"https:\/\/fabco.dk\/#\/schema\/logo\/image\/","url":"https:\/\/fabco.dk\/wp-content\/uploads\/2019\/12\/taptap_r\u00f8dt_3001.jpg","contentUrl":"https:\/\/fabco.dk\/wp-content\/uploads\/2019\/12\/taptap_r\u00f8dt_3001.jpg","width":1183,"height":151,"caption":"Fabco ApS"},"image":{"@id":"https:\/\/fabco.dk\/#\/schema\/logo\/image\/"},"sameAs":["https:\/\/www.facebook.com\/taptapfabco\/"]}]}},"_links":{"self":[{"href":"https:\/\/fabco.dk\/fr\/wp-json\/wp\/v2\/pages\/2550","targetHints":{"allow":["GET"]}}],"collection":[{"href":"https:\/\/fabco.dk\/fr\/wp-json\/wp\/v2\/pages"}],"about":[{"href":"https:\/\/fabco.dk\/fr\/wp-json\/wp\/v2\/types\/page"}],"author":[{"embeddable":true,"href":"https:\/\/fabco.dk\/fr\/wp-json\/wp\/v2\/users\/1"}],"replies":[{"embeddable":true,"href":"https:\/\/fabco.dk\/fr\/wp-json\/wp\/v2\/comments?post=2550"}],"version-history":[{"count":49,"href":"https:\/\/fabco.dk\/fr\/wp-json\/wp\/v2\/pages\/2550\/revisions"}],"predecessor-version":[{"id":4780,"href":"https:\/\/fabco.dk\/fr\/wp-json\/wp\/v2\/pages\/2550\/revisions\/4780"}],"up":[{"embeddable":true,"href":"https:\/\/fabco.dk\/fr\/wp-json\/wp\/v2\/pages\/28"}],"wp:attachment":[{"href":"https:\/\/fabco.dk\/fr\/wp-json\/wp\/v2\/media?parent=2550"}],"wp:term":[{"taxonomy":"category","embeddable":true,"href":"https:\/\/fabco.dk\/fr\/wp-json\/wp\/v2\/categories?post=2550"},{"taxonomy":"post_tag","embeddable":true,"href":"https:\/\/fabco.dk\/fr\/wp-json\/wp\/v2\/tags?post=2550"}],"curies":[{"name":"wp","href":"https:\/\/api.w.org\/{rel}","templated":true}]}}